{"id":451,"date":"2018-09-10T18:13:53","date_gmt":"2018-09-10T16:13:53","guid":{"rendered":"http:\/\/castelbellino.nuvolaitalsoft.eu\/?page_id=451"},"modified":"2025-10-25T11:17:44","modified_gmt":"2025-10-25T09:17:44","slug":"help-desk","status":"publish","type":"page","link":"https:\/\/castelbellino.nuvolaitalsoft.eu\/?page_id=451","title":{"rendered":"Help Desk"},"content":{"rendered":"<p>Il servizio di Help Desk viene espletato mediante l\u2019invio di una mail all\u2019indirizzo: <a href=\"mailto:protocollo@castelbellino.pannet.it\">protocollo@castelbellino.pannet.it<\/a><\/p>\n<p><a href=\"http:\/\/castelbellino.nuvolaitalsoft.eu\/wp-content\/uploads\/2025\/10\/nuova_guida_allo_sportello.pdf\" target=\"_blank\" rel=\"noopener\"><strong>Guida PDF Front Office\u00a0\u00a0 <\/strong><\/a><img loading=\"lazy\" decoding=\"async\" class=\"alignnone wp-image-779 size-full\" src=\"http:\/\/castelbellino.nuvolaitalsoft.eu\/wp-content\/uploads\/2018\/10\/pdf_icona.png\" alt=\"\" width=\"27\" height=\"32\" \/><\/p>\n<h3><\/h3>\n<h3><strong>Assistenza Normativa e Tecnica<\/strong><\/h3>\n<p><strong>Sportello SUAP Comune di Castelbellino<\/strong><br \/>\nPiazza San Marco, n. 15 \u2013 60030 Castelbellino (AN)<br \/>\n<strong>Tel<\/strong>: 0731-701606<br \/>\n<strong>Fax<\/strong>:\u00a00731-703564<\/p>\n<p>E&#8217; <strong>IMPORTANTE<\/strong> INDICARE NELLA MAIL: LA PROBLEMATICA RISCONTRATA, IL NUMERO DEL PROCEDIMENTO ON-LINE CHE SI STA COMPILANDO, RECAPITO TELEFONICO E E-MAIL, IL NOMINATIVO DI RIFERIMENTO.<\/p>\n<h3><strong>Accesso al portale<\/strong><\/h3>\n<p>L\u2019accesso al portale pu\u00f2 essere fatto con SPID, oppure tramite Cohesion cliccando su <strong>Accedi con SPID\/Cohesion<\/strong>. Una volta fatto il primo accesso, ci si deve registrare al portale, procedendo nella seguente maniera:<\/p>\n<ul>\n<li>Compilazione dei dati personali richiesti, inserendo un indirizzo PEC nel campo specifico;<\/li>\n<li>Una volta completato questo passaggio, l\u2019utente riceve una mail sulla PEC, contenente un allegato con un link per l\u2019attivazione dell\u2019account;<\/li>\n<li>Dopo aver attivato l\u2019account, si pu\u00f2 iniziare la compilazione delle pratiche all\u2019interno del portale.<\/li>\n<\/ul>\n<h3><strong>SPID<\/strong><\/h3>\n<p>Maggiori informazioni su come richiedere SPID si trovano <a href=\"https:\/\/www.agid.gov.it\/it\/spid-come-ottenere-identit%C3%A0-digitale\">QUI<\/a>.<\/p>\n<h3><strong>Cohesion<\/strong><\/h3>\n<p>Per accedere al portale tramite Cohesion si pu\u00f2 utilizzare una Smart Card (TsCns, Carta Raffaello, CNS o CIE). Se non possiede una Smart Card valida, l\u2019utente pu\u00f2 rivolgersi alla Regione Marche e richiedere un PIN che permetter\u00e0 l\u2019accesso al portale. I contatti di riferimento possono essere trovati <a href=\"https:\/\/www.regione.marche.it\/Regione-Utile\/Agenda-Digitale\/Cittadinanza-digitale\/Sportelli-TSCNS\">QUI<\/a>.<\/p>\n<h3><strong>ATTENZIONE!<\/strong><\/h3>\n<p>Requisiti minimi per poter utilizzare il portale online:<\/p>\n<h3><strong>Browser<\/strong><\/h3>\n<p>Le pratiche possono essere compilate utilizzando uno dei seguenti browser:<\/p>\n<ul>\n<li>Mozilla Firefox (versione 33.0 o successive)<\/li>\n<li>Internet Explorer (versione 10.0 o successive)<\/li>\n<li>Google Chrome (versione 37.0 o successive)<\/li>\n<li>Edge (versione 25.1 o successive)<\/li>\n<li>Safari (versione 8.0 o successive)<\/li>\n<\/ul>\n<h3><strong>Software per la compilazione dei pdf<\/strong><\/h3>\n<p>Per la compilazione dei pdf editabili presenti nei procedimenti online \u00e8 necessario l&#8217;utilizzo di Acrobat Reader. L&#8217;apertura dei pdf editabili tramite le funzionalit\u00e0 di anteprima dei browser possono non salvare correttamente i dati inseriti. Per scaricare Acrobat cliccare <a href=\"https:\/\/get.adobe.com\/it\/reader\/\" target=\"_blank\" rel=\"noopener\">QUI<\/a>.<\/p>\n<h3><strong>Software per la compilazione dei pdf<\/strong><\/h3>\n<p>Si consiglia l&#8217;utilizzo di Acrobat per la compilazione dei pdf editabili presenti nei procedimenti online. L&#8217;apertura dei pdf editabili tramite le funzionalit\u00e0 di anteprima dei browser possono non salvare correttamente i dati inseriti.<\/p>\n<h3><strong>Gestione dei PopUp<\/strong><\/h3>\n<p>Quando i modelli da scarica non vengono aperti potrebbe essere un problema di blocco dei popup: <a href=\"https:\/\/support.google.com\/toolbar\/answer\/9171?hl=it\">guarda la guida di google<\/a>.<\/p>\n<h3><strong>Firma Digitale<\/strong><\/h3>\n<p>Alcuni documenti\/allegati delle pratiche richiedono la firma digitale. Per questo, \u00e8 necessario dotarsi dei seguenti strumenti:<\/p>\n<ul>\n<li>firma digitale<\/li>\n<li>casella PEC (posta elettronica certificata)<\/li>\n<\/ul>\n<p>La verifica di compatibilit\u00e0 della firma digitale con il sistema del portale \u00e8 possibile tramite:<\/p>\n<ul>\n<li><a href=\"https:\/\/vol.actalis.it\/volCertif\/\">actalis <\/a><\/li>\n<li><a href=\"https:\/\/sws.firmacerta.it\/SignEngineWeb\/verifier.xhtml\">firmacerta<\/a><\/li>\n<\/ul>\n<h3><strong>Software per la firma digitale <\/strong><\/h3>\n<p>La firma digitale pu\u00f2 essere acquisita tramite uno dei fornitori indicati <a href=\"https:\/\/www.agid.gov.it\/piattaforme\/firma-elettronica-qualificata\/prestatori-di-servizi-fiduciari-attivi-in-italia\">QUI<\/a>.<\/p>\n<h3><strong>Hardware per la procedura di firma digitale<\/strong><\/h3>\n<p>\u00c8 necessario avere anche un lettore Smart Card che \u00e8 un dispositivo che permette l\u2019applicazione della firma digitale.<\/p>\n<h3><strong>Software per la creazione dei pdf<\/strong><\/h3>\n<p>Gli allegati alle pratiche del portale devono contenere principalmente l\u2019estensione pdf. Per questo motivo, prima di caricare dei documenti all\u2019interno del portale \u00e8 necessario assicurarsi che essi siano gi\u00e0 in formato pdf (ovvero che la loro estensione risulti .pdf). Nel caso abbiano altra estensione, \u00e8 necessario convertirli in pdf.<\/p>\n<p>Per la conversione di un documento in pdf, \u00e8 possibile utilizzare il seguente programma: <a href=\"https:\/\/sourceforge.net\/projects\/pdfcreator\/files\/latest\/download\">PDF CREATOR<\/a> (Programma per la creazione\/conversione dei file in formato <u>pdf\/a-2b<\/u>)<\/p>\n<h3><strong>Software per collegamento remoto<\/strong><\/h3>\n<p>Per facilitare l\u2019assistenza, utilizziamo il programma di collegamento remoto \u201cTeamViewer\u201d che permette il nostro accesso remoto al computer dell\u2019utente. Il programma \u00e8 scaricabile gratuitamente <a href=\"https:\/\/get.teamviewer.com\/8ftdu9v\" target=\"_blank\" rel=\"noopener\">QUI<\/a>, cliccando sul tasto \u201cscarica ora\u201d.<\/p>\n<p><strong>MODELLO DI <a href=\"http:\/\/castelbellino.nuvolaitalsoft.eu\/wp-content\/uploads\/file\/Procura_Speciale_1.pdf\">PROCURA SPECIALE<\/a> PER LA PRESENTAZIONE DELLA PRATICA SUAP<\/strong><\/p>\n","protected":false},"excerpt":{"rendered":"<p>Il servizio di Help Desk viene espletato mediante l\u2019invio di una mail all\u2019indirizzo: protocollo@castelbellino.pannet.it Guida PDF Front Office\u00a0\u00a0 Assistenza Normativa e Tecnica Sportello SUAP Comune di Castelbellino Piazza San Marco, n. 15 \u2013 60030 Castelbellino (AN) Tel: 0731-701606 Fax:\u00a00731-703564 E&#8217; IMPORTANTE INDICARE NELLA MAIL: LA PROBLEMATICA RISCONTRATA, IL NUMERO DEL PROCEDIMENTO ON-LINE CHE SI STA [&hellip;]<\/p>\n","protected":false},"author":1,"featured_media":0,"parent":0,"menu_order":0,"comment_status":"closed","ping_status":"closed","template":"","meta":{"footnotes":""},"class_list":["post-451","page","type-page","status-publish","hentry"],"_links":{"self":[{"href":"https:\/\/castelbellino.nuvolaitalsoft.eu\/index.php?rest_route=\/wp\/v2\/pages\/451","targetHints":{"allow":["GET"]}}],"collection":[{"href":"https:\/\/castelbellino.nuvolaitalsoft.eu\/index.php?rest_route=\/wp\/v2\/pages"}],"about":[{"href":"https:\/\/castelbellino.nuvolaitalsoft.eu\/index.php?rest_route=\/wp\/v2\/types\/page"}],"author":[{"embeddable":true,"href":"https:\/\/castelbellino.nuvolaitalsoft.eu\/index.php?rest_route=\/wp\/v2\/users\/1"}],"replies":[{"embeddable":true,"href":"https:\/\/castelbellino.nuvolaitalsoft.eu\/index.php?rest_route=%2Fwp%2Fv2%2Fcomments&post=451"}],"version-history":[{"count":24,"href":"https:\/\/castelbellino.nuvolaitalsoft.eu\/index.php?rest_route=\/wp\/v2\/pages\/451\/revisions"}],"predecessor-version":[{"id":892,"href":"https:\/\/castelbellino.nuvolaitalsoft.eu\/index.php?rest_route=\/wp\/v2\/pages\/451\/revisions\/892"}],"wp:attachment":[{"href":"https:\/\/castelbellino.nuvolaitalsoft.eu\/index.php?rest_route=%2Fwp%2Fv2%2Fmedia&parent=451"}],"curies":[{"name":"wp","href":"https:\/\/api.w.org\/{rel}","templated":true}]}}