{"id":429,"date":"2018-08-07T11:27:13","date_gmt":"2018-08-07T09:27:13","guid":{"rendered":"http:\/\/castelbellino.nuvolaitalsoft.eu\/?page_id=429"},"modified":"2021-03-18T14:51:30","modified_gmt":"2021-03-18T13:51:30","slug":"home","status":"publish","type":"page","link":"https:\/\/castelbellino.nuvolaitalsoft.eu\/","title":{"rendered":"Home"},"content":{"rendered":"<p style=\"text-align: justify;\">SCIA degli stabilimenti del settore alimentare primario e post primario <a href=\"http:\/\/castelbellino.nuvolaitalsoft.eu\/wp-content\/uploads\/DGR0158_18.pdf\" target=\"_blank\" rel=\"noopener\">D.G.R. n. 158 del 19\/02\/2018<\/a> CHIARIMENTI E NUOVI IMPORTI PER I DIRITTI: \u20ac 20,00<\/p>\n<p>Lo <strong>Sportello Unico per le Attivit\u00e0 Produttive &#8211; SUAP<\/strong> \u00e8 uno strumento di semplificazione amministrativa con il fine di snellire i rapporti tra Pubblica Amministrazione (P.A.) ed utenza.<\/p>\n<div style=\"text-align: justify;\">\n<p>Con l\u2019entrata in vigore del nuovo <em>DPR\u00a0n. 160\u00a0del 7 settembre 2010 \u00a0viene adottato il Regolamento per la semplificazione ed il riordino della disciplina sullo Sportello Unico per le Attivit\u00e0 Produttive<\/em> che stabilisce che ogni pratica deve essere presentata esclusivamente in modalit\u00e0 telematica e deve essere gestita telematicamente garantendo l\u2019interoperabilit\u00e0 tra i vari soggetti pubblici.<\/p>\n<p><span style=\"text-decoration: underline;\"><strong>L&#8217;unica modalit\u00e0 di trasmissione consentita all&#8217;invio delle pratiche \u00e8 quella telematica pena l&#8217;inammissibilit\u00e0 della stessa.<\/strong><\/span><\/p>\n<p>Le pratiche dovranno essere firmate digitalmente e fatte pervenire utilizzando il servizio di presentazione online della pratica.<\/p>\n<\/div>\n<p>&nbsp;<\/p>\n<div style=\"text-align: center;\"><span style=\"font-size: 14pt; color: #ff0000;\"><strong>NEWS<\/strong><\/span><\/div>\n<p style=\"text-align: center;\">PROROGA SCADENZA CLASSIFICAZIONE STRUTTURE RICETTIVE E ALL&#8217;ARIA APERTA &#8211; DGR 425 DEL 02\/05\/2016<\/p>\n<p style=\"text-align: center;\">Con la Delibera di Giunta Regionale n.425 del 02\/05\/2016 \u00e8 stata prorogata al 31\/12\/2017 la scadenza del rinnovo del quinquennio di classificazione delle strutture ricettive alberghiere e di quelle all\u2019aria aperta.<\/p>\n<p style=\"text-align: center;\">Entro il 30 giugno 2017 IL TITOLARE O GESTORE DELLA STRUTTURA RICETTIVA DEVE INVIARE AL SUAP LA RICHIESTA DI CLASSIFICAZIONE<\/p>\n<p style=\"text-align: center;\">link per consultare la D.G.R.425\/2016: <a href=\"http:\/\/www.norme.marche.it\/Delibere\/2016\/DGR0425_16.pdf\">http:\/\/www.norme.marche.it\/Delibere\/2016\/DGR0425_16.pdf<\/a><\/p>\n<p>&nbsp;<\/p>\n<p style=\"text-align: center;\" align=\"center\"><strong><span style=\"font-size: 14pt;\">Il\u00a0MODELLO DI\u00a0<a href=\"http:\/\/castelbellino.nuvolaitalsoft.eu\/wp-content\/uploads\/file\/Procura_Speciale_1.pdf\">PROCURA SPECIALE<\/a><\/span><\/strong><\/p>\n<p style=\"text-align: center;\" align=\"center\">pu\u00f2 essere scaricato, oltre che nell&#8217;ambito dei procedimenti on-line, anche nella sezione\u00a0<a href=\"http:\/\/castelbellino.nuvolaitalsoft.eu\/?page_id=451\">HELP DESK<\/a><\/p>\n<hr \/>\n","protected":false},"excerpt":{"rendered":"<p>SCIA degli stabilimenti del settore alimentare primario e post primario D.G.R. n. 158 del 19\/02\/2018 CHIARIMENTI E NUOVI IMPORTI PER I DIRITTI: \u20ac 20,00 Lo Sportello Unico per le Attivit\u00e0 Produttive &#8211; SUAP \u00e8 uno strumento di semplificazione amministrativa con il fine di snellire i rapporti tra Pubblica Amministrazione (P.A.) ed utenza. Con l\u2019entrata in [&hellip;]<\/p>\n","protected":false},"author":1,"featured_media":0,"parent":0,"menu_order":0,"comment_status":"closed","ping_status":"closed","template":"","meta":{"footnotes":""},"class_list":["post-429","page","type-page","status-publish","hentry"],"_links":{"self":[{"href":"https:\/\/castelbellino.nuvolaitalsoft.eu\/index.php?rest_route=\/wp\/v2\/pages\/429","targetHints":{"allow":["GET"]}}],"collection":[{"href":"https:\/\/castelbellino.nuvolaitalsoft.eu\/index.php?rest_route=\/wp\/v2\/pages"}],"about":[{"href":"https:\/\/castelbellino.nuvolaitalsoft.eu\/index.php?rest_route=\/wp\/v2\/types\/page"}],"author":[{"embeddable":true,"href":"https:\/\/castelbellino.nuvolaitalsoft.eu\/index.php?rest_route=\/wp\/v2\/users\/1"}],"replies":[{"embeddable":true,"href":"https:\/\/castelbellino.nuvolaitalsoft.eu\/index.php?rest_route=%2Fwp%2Fv2%2Fcomments&post=429"}],"version-history":[{"count":19,"href":"https:\/\/castelbellino.nuvolaitalsoft.eu\/index.php?rest_route=\/wp\/v2\/pages\/429\/revisions"}],"predecessor-version":[{"id":855,"href":"https:\/\/castelbellino.nuvolaitalsoft.eu\/index.php?rest_route=\/wp\/v2\/pages\/429\/revisions\/855"}],"wp:attachment":[{"href":"https:\/\/castelbellino.nuvolaitalsoft.eu\/index.php?rest_route=%2Fwp%2Fv2%2Fmedia&parent=429"}],"curies":[{"name":"wp","href":"https:\/\/api.w.org\/{rel}","templated":true}]}}